{"id":163,"date":"2022-10-04T13:50:13","date_gmt":"2022-10-04T13:50:13","guid":{"rendered":"https:\/\/www.cimonesci.it\/summer\/?page_id=163"},"modified":"2025-07-07T07:16:50","modified_gmt":"2025-07-07T07:16:50","slug":"cimoncino","status":"publish","type":"page","link":"https:\/\/www.cimonesci.it\/summer\/cimoncino\/","title":{"rendered":"Cimoncino"},"content":{"rendered":"<p><div class=\"fusion-fullwidth fullwidth-box fusion-builder-row-1 fusion-flex-container has-pattern-background has-mask-background nonhundred-percent-fullwidth non-hundred-percent-height-scrolling\" style=\"--awb-border-radius-top-left:0px;--awb-border-radius-top-right:0px;--awb-border-radius-bottom-right:0px;--awb-border-radius-bottom-left:0px;--awb-flex-wrap:wrap;\" ><div class=\"fusion-builder-row fusion-row fusion-flex-align-items-flex-start fusion-flex-content-wrap\" style=\"max-width:1248px;margin-left: calc(-4% \/ 2 );margin-right: calc(-4% \/ 2 );\"><div class=\"fusion-layout-column fusion_builder_column fusion-builder-column-0 fusion_builder_column_1_1 1_1 fusion-flex-column\" style=\"--awb-bg-size:cover;--awb-width-large:100%;--awb-margin-top-large:0px;--awb-spacing-right-large:1.92%;--awb-margin-bottom-large:20px;--awb-spacing-left-large:1.92%;--awb-width-medium:100%;--awb-order-medium:0;--awb-spacing-right-medium:1.92%;--awb-spacing-left-medium:1.92%;--awb-width-small:100%;--awb-order-small:0;--awb-spacing-right-small:1.92%;--awb-spacing-left-small:1.92%;\"><div class=\"fusion-column-wrapper fusion-column-has-shadow fusion-flex-justify-content-flex-start fusion-content-layout-column\"><div class=\"fusion-text fusion-text-1\"><p>Il Cimoncino \u00e8 una anticima del pi\u00f9 elevato Monte Cimone, raggiungibile da Fanano. Qui si pu\u00f2 trovare, oltre ad un ampio parcheggio per auto e camper, un negozio di sport, vari noleggi, scuole di sci e snowboard, un rifugio, bar e locali. Una stazione perfettamente attrezzata ad ogni evenienza. Potrai soggiornare direttamente sulle piste e al mattino goderti le discese perfettamente battute del Cimone.<br \/>\nSe ami le sfide poi, non potrai lasciare il Cimoncino senza avere provato l\u2019originale Bag Jump, un enorme materasso gonfiabile che permette di sfidare la gravit\u00e0 e compiere evoluzioni aree in completa sicurezza.<\/p>\n<h5><i class=\"fb-icon-element-1 fb-icon-element fontawesome-icon fa-parking fas circle-yes\" style=\"font-size: 14.08px; line-height: 26.16px; height: 28.16px; width: 28.16px; border-width: 1px; border-radius: 50% 50% 50% 50%; margin: 0px; margin-right: 8px;\"><\/i><a href=\"https:\/\/www.cimonesci.it\/parcheggi\/#parcheggio-cimoncino\"><strong>Info<\/strong> Parcheggi<strong> -&gt;<\/strong><\/a><\/h5>\n<\/div><div style=\"text-align:center;\"><a class=\"fusion-button button-flat fusion-button-default-size button-default fusion-button-default button-1 fusion-button-default-span fusion-button-default-type\" target=\"_blank\" rel=\"noopener noreferrer\" href=\"\/wp-content\/uploads\/2022\/11\/Cimoncino.pdf\"><span class=\"fusion-button-text awb-button__text awb-button__text--default\">Vai alla cartina<\/span><\/a><\/div><\/div><\/div><\/div><\/div><div class=\"fusion-fullwidth fullwidth-box fusion-builder-row-2 fusion-flex-container has-pattern-background has-mask-background hundred-percent-fullwidth non-hundred-percent-height-scrolling\" style=\"--awb-border-radius-top-left:0px;--awb-border-radius-top-right:0px;--awb-border-radius-bottom-right:0px;--awb-border-radius-bottom-left:0px;--awb-padding-right:0px;--awb-padding-left:0px;--awb-margin-top:50px;--awb-flex-wrap:wrap;\" ><div class=\"fusion-builder-row fusion-row fusion-flex-align-items-flex-start fusion-flex-content-wrap\" style=\"width:104% !important;max-width:104% !important;margin-left: calc(-4% \/ 2 );margin-right: calc(-4% \/ 2 );\"><div class=\"fusion-layout-column fusion_builder_column fusion-builder-column-1 fusion_builder_column_1_1 1_1 fusion-flex-column\" style=\"--awb-bg-size:cover;--awb-width-large:100%;--awb-margin-top-large:0px;--awb-spacing-right-large:1.92%;--awb-margin-bottom-large:20px;--awb-spacing-left-large:1.92%;--awb-width-medium:100%;--awb-order-medium:0;--awb-spacing-right-medium:1.92%;--awb-spacing-left-medium:1.92%;--awb-width-small:100%;--awb-order-small:0;--awb-spacing-right-small:1.92%;--awb-spacing-left-small:1.92%;\"><div class=\"fusion-column-wrapper fusion-column-has-shadow fusion-flex-justify-content-flex-start fusion-content-layout-column\"><div class=\"fusion-text fusion-text-2\"><p><iframe style=\"border: 0px; pointer-events: none;\" src=\"https:\/\/www.google.com\/maps\/embed?pb=!1m18!1m12!1m3!1d2860.351134101243!2d10.72919281578345!3d44.199834024928435!2m3!1f0!2f0!3f0!3m2!1i1024!2i768!4f13.1!3m3!1m2!1s0x132aa20b58e66129%3A0x20161927b2f96221!2sCimoncino!5e0!3m2!1sit!2sit!4v1448030435091\" width=\"100%\" height=\"350\" frameborder=\"0\" allowfullscreen=\"allowfullscreen\"><\/iframe><\/p>\n<\/div><\/div><\/div><\/div><\/div><div class=\"fusion-fullwidth fullwidth-box fusion-builder-row-3 fusion-flex-container has-pattern-background has-mask-background nonhundred-percent-fullwidth non-hundred-percent-height-scrolling\" style=\"--awb-border-radius-top-left:0px;--awb-border-radius-top-right:0px;--awb-border-radius-bottom-right:0px;--awb-border-radius-bottom-left:0px;--awb-padding-right:0px;--awb-padding-left:0px;--awb-margin-top:50px;--awb-flex-wrap:wrap;\" ><div class=\"fusion-builder-row fusion-row fusion-flex-align-items-flex-start fusion-flex-content-wrap\" style=\"max-width:1248px;margin-left: calc(-4% \/ 2 );margin-right: calc(-4% \/ 2 );\"><div class=\"fusion-layout-column fusion_builder_column fusion-builder-column-2 fusion_builder_column_1_1 1_1 fusion-flex-column\" style=\"--awb-bg-size:cover;--awb-width-large:100%;--awb-margin-top-large:0px;--awb-spacing-right-large:1.92%;--awb-margin-bottom-large:20px;--awb-spacing-left-large:1.92%;--awb-width-medium:100%;--awb-order-medium:0;--awb-spacing-right-medium:1.92%;--awb-spacing-left-medium:1.92%;--awb-width-small:100%;--awb-order-small:0;--awb-spacing-right-small:1.92%;--awb-spacing-left-small:1.92%;\"><div class=\"fusion-column-wrapper fusion-column-has-shadow fusion-flex-justify-content-flex-start fusion-content-layout-column\"><div class=\"fusion-text fusion-text-3\"><h3 style=\"text-align: center;\">Cosa cerchi?<\/h3>\n<\/div><div class=\"fusion-text fusion-text-4\"><p class=\"p1\"><span class=\"s1\"><div class=\"horeca-filter-section\"><div class=\"horeca-filter\"><div class=\"horeca-filter-tab\">\n                    <div class=\"horeca-filter-single active\" data-filterplace=\"all\" data-filtertype=\"service\">\n                        Tutti\n                    <\/div>\n                        <div class='horeca-filter-single' data-filterservice='dove-mangiare'>\n                            Dove mangiare\n                        <\/div><\/div><\/div>\n    <div class=\"filtered-horecas\">\n        <div class=\"row\">\n            <div class=\"col-12 col-md-6 single-horeca shown\" data-filteredplace=\"cimoncino|\" data-filteredservice=\"bar|dove-mangiare|rifugi|ristorante|\">\n                <a href=\"https:\/\/www.cimonesci.it\/summer\/servizi\/rifugio-zambelli\/\" class=\"single-horeca-url\">\n                    <div class=\"single-horeca-content\">\n                        <div class=\"single-horeca-img\"><img decoding=\"async\" width=\"1024\" height=\"768\" src=\"https:\/\/www.cimonesci.it\/summer\/wp-content\/uploads\/2022\/11\/rifugio-zambelli-by-night-1024x768-1.jpg\" class=\"attachment-post-thumbnail size-post-thumbnail wp-post-image\" alt=\"\" srcset=\"https:\/\/www.cimonesci.it\/summer\/wp-content\/uploads\/2022\/11\/rifugio-zambelli-by-night-1024x768-1-200x150.jpg 200w, https:\/\/www.cimonesci.it\/summer\/wp-content\/uploads\/2022\/11\/rifugio-zambelli-by-night-1024x768-1-300x225.jpg 300w, https:\/\/www.cimonesci.it\/summer\/wp-content\/uploads\/2022\/11\/rifugio-zambelli-by-night-1024x768-1-400x300.jpg 400w, https:\/\/www.cimonesci.it\/summer\/wp-content\/uploads\/2022\/11\/rifugio-zambelli-by-night-1024x768-1-600x450.jpg 600w, https:\/\/www.cimonesci.it\/summer\/wp-content\/uploads\/2022\/11\/rifugio-zambelli-by-night-1024x768-1-768x576.jpg 768w, https:\/\/www.cimonesci.it\/summer\/wp-content\/uploads\/2022\/11\/rifugio-zambelli-by-night-1024x768-1-800x600.jpg 800w, https:\/\/www.cimonesci.it\/summer\/wp-content\/uploads\/2022\/11\/rifugio-zambelli-by-night-1024x768-1.jpg 1024w\" sizes=\"(max-width: 1024px) 100vw, 1024px\" \/><\/div>\n                        <div class=\"single-horeca-text\">\n                            <div class=\"single-horeca-title\">Rifugio Zambelli<\/div>\n                            <div class=\"single-horeca-place\">Cimoncino<\/div>\n                            <div class=\"single-horeca-address\">Via Cimoncino, Fanano, MO, Italia<\/div>\n                            <div class=\"single-horeca-tel\">Tel: +39 0536 61109<\/div>\n                            <div class=\"single-horeca-email\"><\/div>\n                        <\/div>\n                    <\/div>\n                <\/a>\n            <\/div>\n        <\/div>\n    <\/div><\/div><\/span><\/p>\n<\/div><\/div><\/div><\/div><\/div><div class=\"fusion-fullwidth fullwidth-box fusion-builder-row-4 fusion-flex-container has-pattern-background has-mask-background nonhundred-percent-fullwidth non-hundred-percent-height-scrolling\" style=\"--awb-border-radius-top-left:0px;--awb-border-radius-top-right:0px;--awb-border-radius-bottom-right:0px;--awb-border-radius-bottom-left:0px;--awb-padding-top:50px;--awb-padding-bottom:50px;--awb-flex-wrap:wrap;\" ><div class=\"fusion-builder-row fusion-row fusion-flex-align-items-center fusion-flex-content-wrap\" style=\"max-width:1248px;margin-left: calc(-4% \/ 2 );margin-right: calc(-4% \/ 2 );\"><div class=\"fusion-layout-column fusion_builder_column fusion-builder-column-3 fusion_builder_column_1_2 1_2 fusion-flex-column\" style=\"--awb-bg-size:cover;--awb-width-large:50%;--awb-margin-top-large:0px;--awb-spacing-right-large:3.84%;--awb-margin-bottom-large:20px;--awb-spacing-left-large:3.84%;--awb-width-medium:50%;--awb-order-medium:0;--awb-spacing-right-medium:3.84%;--awb-spacing-left-medium:3.84%;--awb-width-small:100%;--awb-order-small:0;--awb-spacing-right-small:1.92%;--awb-spacing-left-small:1.92%;\"><div class=\"fusion-column-wrapper fusion-column-has-shadow fusion-flex-justify-content-flex-start fusion-content-layout-column\"><div class=\"fusion-title title fusion-title-1 fusion-sep-none fusion-title-text fusion-title-size-three\" style=\"--awb-margin-top-small:10px;--awb-margin-right-small:0px;--awb-margin-bottom-small:10px;--awb-margin-left-small:0px;\"><h3 class=\"fusion-title-heading title-heading-left\" style=\"margin:0;\"><b>Vivi l\u2019estate 2025 sull\u2019Appennino Modenese!<\/b><\/h3><\/div><div class=\"fusion-text fusion-text-5\"><p style=\"font-weight: 400;\">Scopri tutti gli eventi dell\u2019estate nei borghi ai piedi del Monte Cimone: Fanano, Fiumalbo, Montecreto, Pievepelago, Riolunato e Sestola.<br \/>\nScarica il programma completo delle manifestazioni estive e preparati a vivere un\u2019estate indimenticabile.<\/p>\n<\/div><div style=\"text-align:left;\"><a class=\"fusion-button button-flat fusion-button-default-size button-default fusion-button-default button-2 fusion-button-default-span fusion-button-default-type\" target=\"_blank\" rel=\"noopener noreferrer\" href=\"https:\/\/www.cimonesci.it\/summer\/wp-content\/uploads\/2025\/07\/Cimone-programma-estate-2025.pdf\"><span class=\"fusion-button-text awb-button__text awb-button__text--default\">Scarica il programma<\/span><\/a><\/div><\/div><\/div><div class=\"fusion-layout-column fusion_builder_column fusion-builder-column-4 fusion_builder_column_1_2 1_2 fusion-flex-column\" style=\"--awb-bg-size:cover;--awb-width-large:50%;--awb-margin-top-large:0px;--awb-spacing-right-large:3.84%;--awb-margin-bottom-large:20px;--awb-spacing-left-large:3.84%;--awb-width-medium:50%;--awb-order-medium:0;--awb-spacing-right-medium:3.84%;--awb-spacing-left-medium:3.84%;--awb-width-small:100%;--awb-order-small:0;--awb-spacing-right-small:1.92%;--awb-spacing-left-small:1.92%;\"><div class=\"fusion-column-wrapper fusion-column-has-shadow fusion-flex-justify-content-flex-start fusion-content-layout-column\"><div class=\"fusion-image-element \" style=\"text-align:right;--awb-caption-title-font-family:var(--h2_typography-font-family);--awb-caption-title-font-weight:var(--h2_typography-font-weight);--awb-caption-title-font-style:var(--h2_typography-font-style);--awb-caption-title-size:var(--h2_typography-font-size);--awb-caption-title-transform:var(--h2_typography-text-transform);--awb-caption-title-line-height:var(--h2_typography-line-height);--awb-caption-title-letter-spacing:var(--h2_typography-letter-spacing);\"><span class=\" fusion-imageframe imageframe-none imageframe-1 hover-type-none\"><img decoding=\"async\" width=\"900\" height=\"628\" title=\"programma completo estivo cimone\" src=\"https:\/\/www.cimonesci.it\/summer\/wp-content\/uploads\/2025\/07\/img-2025-07-03-0159.png\" alt class=\"img-responsive wp-image-4795\" srcset=\"https:\/\/www.cimonesci.it\/summer\/wp-content\/uploads\/2025\/07\/img-2025-07-03-0159-200x140.png 200w, https:\/\/www.cimonesci.it\/summer\/wp-content\/uploads\/2025\/07\/img-2025-07-03-0159-400x279.png 400w, https:\/\/www.cimonesci.it\/summer\/wp-content\/uploads\/2025\/07\/img-2025-07-03-0159-600x419.png 600w, https:\/\/www.cimonesci.it\/summer\/wp-content\/uploads\/2025\/07\/img-2025-07-03-0159-800x558.png 800w, https:\/\/www.cimonesci.it\/summer\/wp-content\/uploads\/2025\/07\/img-2025-07-03-0159.png 900w\" sizes=\"(max-width: 640px) 100vw, 600px\" \/><\/span><\/div><\/div><\/div><\/div><\/div><\/p>\n","protected":false},"excerpt":{"rendered":"","protected":false},"author":1,"featured_media":0,"parent":0,"menu_order":0,"comment_status":"closed","ping_status":"closed","template":"100-width.php","meta":{"_acf_changed":false,"inline_featured_image":false,"footnotes":""},"class_list":["post-163","page","type-page","status-publish","hentry"],"acf":[],"yoast_head":"<!-- This site is optimized with the Yoast SEO plugin v27.2 - https:\/\/yoast.com\/product\/yoast-seo-wordpress\/ -->\n<title>Cimoncino - Cimone Sci<\/title>\n<meta name=\"robots\" content=\"index, follow, max-snippet:-1, max-image-preview:large, max-video-preview:-1\" \/>\n<link rel=\"canonical\" href=\"https:\/\/www.cimonesci.it\/summer\/cimoncino\/\" \/>\n<meta property=\"og:locale\" content=\"en_US\" \/>\n<meta property=\"og:type\" content=\"article\" \/>\n<meta property=\"og:title\" content=\"Cimoncino - Cimone Sci\" \/>\n<meta property=\"og:url\" content=\"https:\/\/www.cimonesci.it\/summer\/cimoncino\/\" \/>\n<meta property=\"og:site_name\" content=\"Cimone Sci\" \/>\n<meta property=\"article:modified_time\" content=\"2025-07-07T07:16:50+00:00\" \/>\n<meta name=\"twitter:card\" content=\"summary_large_image\" \/>\n<meta name=\"twitter:label1\" content=\"Est. reading time\" \/>\n\t<meta name=\"twitter:data1\" content=\"1 minute\" \/>\n<script type=\"application\/ld+json\" class=\"yoast-schema-graph\">{\"@context\":\"https:\/\/schema.org\",\"@graph\":[{\"@type\":\"WebPage\",\"@id\":\"https:\/\/www.cimonesci.it\/summer\/cimoncino\/\",\"url\":\"https:\/\/www.cimonesci.it\/summer\/cimoncino\/\",\"name\":\"Cimoncino - Cimone Sci\",\"isPartOf\":{\"@id\":\"https:\/\/www.cimonesci.it\/summer\/#website\"},\"datePublished\":\"2022-10-04T13:50:13+00:00\",\"dateModified\":\"2025-07-07T07:16:50+00:00\",\"breadcrumb\":{\"@id\":\"https:\/\/www.cimonesci.it\/summer\/cimoncino\/#breadcrumb\"},\"inLanguage\":\"en-US\",\"potentialAction\":[{\"@type\":\"ReadAction\",\"target\":[\"https:\/\/www.cimonesci.it\/summer\/cimoncino\/\"]}]},{\"@type\":\"BreadcrumbList\",\"@id\":\"https:\/\/www.cimonesci.it\/summer\/cimoncino\/#breadcrumb\",\"itemListElement\":[{\"@type\":\"ListItem\",\"position\":1,\"name\":\"Home\",\"item\":\"https:\/\/www.cimonesci.it\/summer\/\"},{\"@type\":\"ListItem\",\"position\":2,\"name\":\"Cimoncino\"}]},{\"@type\":\"WebSite\",\"@id\":\"https:\/\/www.cimonesci.it\/summer\/#website\",\"url\":\"https:\/\/www.cimonesci.it\/summer\/\",\"name\":\"Cimone Sci\",\"description\":\"Sito Ufficiale\",\"potentialAction\":[{\"@type\":\"SearchAction\",\"target\":{\"@type\":\"EntryPoint\",\"urlTemplate\":\"https:\/\/www.cimonesci.it\/summer\/?s={search_term_string}\"},\"query-input\":{\"@type\":\"PropertyValueSpecification\",\"valueRequired\":true,\"valueName\":\"search_term_string\"}}],\"inLanguage\":\"en-US\"}]}<\/script>\n<!-- \/ Yoast SEO plugin. -->","yoast_head_json":{"title":"Cimoncino - Cimone Sci","robots":{"index":"index","follow":"follow","max-snippet":"max-snippet:-1","max-image-preview":"max-image-preview:large","max-video-preview":"max-video-preview:-1"},"canonical":"https:\/\/www.cimonesci.it\/summer\/cimoncino\/","og_locale":"en_US","og_type":"article","og_title":"Cimoncino - Cimone Sci","og_url":"https:\/\/www.cimonesci.it\/summer\/cimoncino\/","og_site_name":"Cimone Sci","article_modified_time":"2025-07-07T07:16:50+00:00","twitter_card":"summary_large_image","twitter_misc":{"Est. reading time":"1 minute"},"schema":{"@context":"https:\/\/schema.org","@graph":[{"@type":"WebPage","@id":"https:\/\/www.cimonesci.it\/summer\/cimoncino\/","url":"https:\/\/www.cimonesci.it\/summer\/cimoncino\/","name":"Cimoncino - Cimone Sci","isPartOf":{"@id":"https:\/\/www.cimonesci.it\/summer\/#website"},"datePublished":"2022-10-04T13:50:13+00:00","dateModified":"2025-07-07T07:16:50+00:00","breadcrumb":{"@id":"https:\/\/www.cimonesci.it\/summer\/cimoncino\/#breadcrumb"},"inLanguage":"en-US","potentialAction":[{"@type":"ReadAction","target":["https:\/\/www.cimonesci.it\/summer\/cimoncino\/"]}]},{"@type":"BreadcrumbList","@id":"https:\/\/www.cimonesci.it\/summer\/cimoncino\/#breadcrumb","itemListElement":[{"@type":"ListItem","position":1,"name":"Home","item":"https:\/\/www.cimonesci.it\/summer\/"},{"@type":"ListItem","position":2,"name":"Cimoncino"}]},{"@type":"WebSite","@id":"https:\/\/www.cimonesci.it\/summer\/#website","url":"https:\/\/www.cimonesci.it\/summer\/","name":"Cimone Sci","description":"Sito Ufficiale","potentialAction":[{"@type":"SearchAction","target":{"@type":"EntryPoint","urlTemplate":"https:\/\/www.cimonesci.it\/summer\/?s={search_term_string}"},"query-input":{"@type":"PropertyValueSpecification","valueRequired":true,"valueName":"search_term_string"}}],"inLanguage":"en-US"}]}},"_links":{"self":[{"href":"https:\/\/www.cimonesci.it\/summer\/wp-json\/wp\/v2\/pages\/163","targetHints":{"allow":["GET"]}}],"collection":[{"href":"https:\/\/www.cimonesci.it\/summer\/wp-json\/wp\/v2\/pages"}],"about":[{"href":"https:\/\/www.cimonesci.it\/summer\/wp-json\/wp\/v2\/types\/page"}],"author":[{"embeddable":true,"href":"https:\/\/www.cimonesci.it\/summer\/wp-json\/wp\/v2\/users\/1"}],"replies":[{"embeddable":true,"href":"https:\/\/www.cimonesci.it\/summer\/wp-json\/wp\/v2\/comments?post=163"}],"version-history":[{"count":10,"href":"https:\/\/www.cimonesci.it\/summer\/wp-json\/wp\/v2\/pages\/163\/revisions"}],"predecessor-version":[{"id":4819,"href":"https:\/\/www.cimonesci.it\/summer\/wp-json\/wp\/v2\/pages\/163\/revisions\/4819"}],"wp:attachment":[{"href":"https:\/\/www.cimonesci.it\/summer\/wp-json\/wp\/v2\/media?parent=163"}],"curies":[{"name":"wp","href":"https:\/\/api.w.org\/{rel}","templated":true}]}}